{"id":32,"date":"2023-02-13T11:14:20","date_gmt":"2023-02-13T10:14:20","guid":{"rendered":"https:\/\/bieromencie.fr\/?page_id=32"},"modified":"2023-02-14T13:04:12","modified_gmt":"2023-02-14T12:04:12","slug":"contactez-moi","status":"publish","type":"page","link":"https:\/\/bieromencie.fr\/index.php\/contactez-moi\/","title":{"rendered":"Contactez moi!"},"content":{"rendered":"\n<p class=\"has-white-color has-vivid-cyan-blue-background-color has-text-color has-background\" style=\"font-size:21px\">Bonjour pour nous contactez,veillez remplir le formulaire de contact.<\/p>\n\n\n\n<div class=\"wp-block-group\"><div class=\"wp-block-group__inner-container is-layout-constrained wp-block-group-is-layout-constrained\"><div class=\"wpforms-container wpforms-container-full\" id=\"wpforms-36\"><form id=\"wpforms-form-36\" class=\"wpforms-validate wpforms-form wpforms-ajax-form\" data-formid=\"36\" method=\"post\" enctype=\"multipart\/form-data\" action=\"\/index.php\/wp-json\/wp\/v2\/pages\/32\" data-token=\"924ab283ff13a2a4387c9411a4b0b493\" data-token-time=\"1775573162\"><noscript class=\"wpforms-error-noscript\">Please enable JavaScript in your browser to complete this form.<\/noscript><div class=\"wpforms-field-container\"><div id=\"wpforms-36-field_0-container\" class=\"wpforms-field wpforms-field-name\" data-field-id=\"0\"><label class=\"wpforms-field-label\">Vos coordonn\u00e9es <span class=\"wpforms-required-label\">*<\/span><\/label><div class=\"wpforms-field-row wpforms-field-medium\"><div class=\"wpforms-field-row-block wpforms-first wpforms-one-half\"><input type=\"text\" id=\"wpforms-36-field_0\" class=\"wpforms-field-name-first wpforms-field-required\" name=\"wpforms[fields][0][first]\" required><label for=\"wpforms-36-field_0\" class=\"wpforms-field-sublabel after\">First<\/label><\/div><div class=\"wpforms-field-row-block wpforms-one-half\"><input type=\"text\" id=\"wpforms-36-field_0-last\" class=\"wpforms-field-name-last wpforms-field-required\" name=\"wpforms[fields][0][last]\" required><label for=\"wpforms-36-field_0-last\" class=\"wpforms-field-sublabel after\">Last<\/label><\/div><\/div><\/div><div id=\"wpforms-36-field_1-container\" class=\"wpforms-field wpforms-field-email\" data-field-id=\"1\"><label class=\"wpforms-field-label\" for=\"wpforms-36-field_1\">E-mail <span class=\"wpforms-required-label\">*<\/span><\/label><input type=\"email\" id=\"wpforms-36-field_1\" class=\"wpforms-field-medium wpforms-field-required\" name=\"wpforms[fields][1]\" spellcheck=\"false\" required><\/div><div id=\"wpforms-36-field_2-container\" class=\"wpforms-field wpforms-field-textarea\" data-field-id=\"2\"><label class=\"wpforms-field-label\" for=\"wpforms-36-field_2\">Commentaire ou message<\/label><textarea id=\"wpforms-36-field_2\" class=\"wpforms-field-medium\" name=\"wpforms[fields][2]\" ><\/textarea><\/div><div id=\"wpforms-36-field_3-container\" class=\"wpforms-field wpforms-field-checkbox\" data-field-id=\"3\"><label class=\"wpforms-field-label\">Accord <span class=\"wpforms-required-label\">*<\/span><\/label><ul id=\"wpforms-36-field_3\" class=\"wpforms-field-required\"><li class=\"choice-1 depth-1 wpforms-selected\"><input type=\"checkbox\" id=\"wpforms-36-field_3_1\" name=\"wpforms[fields][3][]\" value=\"Je donne mon accord pour que mes coordonn\u00e9es soient utilis\u00e9es afin de me recontacter. Aucune donn\u00e9e personnelle n\u2019est conserv\u00e9e par notre site via ce formulaire\" required  checked='checked'><label class=\"wpforms-field-label-inline\" for=\"wpforms-36-field_3_1\">Je donne mon accord pour que mes coordonn\u00e9es soient utilis\u00e9es afin de me recontacter. Aucune donn\u00e9e personnelle n\u2019est conserv\u00e9e par notre site via ce formulaire<\/label><\/li><\/ul><\/div><\/div><!-- .wpforms-field-container --><div class=\"wpforms-recaptcha-container wpforms-is-recaptcha wpforms-is-recaptcha-type-invisible\" ><div class=\"g-recaptcha\" data-sitekey=\"6LcUT34kAAAAAFE6hepzYNUN7MOqVBTES2VqX8qK\" data-size=\"invisible\"><\/div><\/div><div class=\"wpforms-submit-container\" ><input type=\"hidden\" name=\"wpforms[id]\" value=\"36\"><input type=\"hidden\" name=\"page_title\" value=\"\"><input type=\"hidden\" name=\"page_url\" value=\"https:\/\/bieromencie.fr\/index.php\/wp-json\/wp\/v2\/pages\/32\"><input type=\"hidden\" name=\"url_referer\" value=\"\"><button type=\"submit\" name=\"wpforms[submit]\" id=\"wpforms-submit-36\" class=\"wpforms-submit\" data-alt-text=\"Envoi...\" data-submit-text=\"Envoyer\" aria-live=\"assertive\" value=\"wpforms-submit\">Envoyer<\/button><img loading=\"lazy\" decoding=\"async\" src=\"https:\/\/bieromencie.fr\/wp-content\/plugins\/wpforms-lite\/assets\/images\/submit-spin.svg\" class=\"wpforms-submit-spinner\" style=\"display: none;\" width=\"26\" height=\"26\" alt=\"Loading\"><\/div><\/form><\/div>  <!-- .wpforms-container -->\n<\/div><\/div>\n\n\n\n<p><\/p>\n","protected":false},"excerpt":{"rendered":"<p>Bonjour pour nous contactez,veillez remplir le formulaire de contact.<\/p>\n","protected":false},"author":1,"featured_media":0,"parent":0,"menu_order":0,"comment_status":"closed","ping_status":"closed","template":"","meta":{"footnotes":""},"class_list":["post-32","page","type-page","status-publish","hentry","entry"],"yoast_head":"<!-- This site is optimized with the Yoast SEO plugin v20.1 - https:\/\/yoast.com\/wordpress\/plugins\/seo\/ -->\n<title>Contactez moi! - Bieromencie<\/title>\n<meta name=\"robots\" content=\"noindex, follow, max-snippet:-1, max-image-preview:large, max-video-preview:-1\" \/>\n<meta property=\"og:locale\" content=\"en_US\" \/>\n<meta property=\"og:type\" content=\"article\" \/>\n<meta property=\"og:title\" content=\"Contactez moi! - Bieromencie\" \/>\n<meta property=\"og:description\" content=\"Bonjour pour nous contactez,veillez remplir le formulaire de contact.\" \/>\n<meta property=\"og:url\" content=\"https:\/\/bieromencie.fr\/index.php\/contactez-moi\/\" \/>\n<meta property=\"og:site_name\" content=\"Bieromencie\" \/>\n<meta property=\"article:modified_time\" content=\"2023-02-14T12:04:12+00:00\" \/>\n<meta name=\"twitter:card\" content=\"summary_large_image\" \/>\n<script type=\"application\/ld+json\" class=\"yoast-schema-graph\">{\"@context\":\"https:\/\/schema.org\",\"@graph\":[{\"@type\":\"WebPage\",\"@id\":\"https:\/\/bieromencie.fr\/index.php\/contactez-moi\/\",\"url\":\"https:\/\/bieromencie.fr\/index.php\/contactez-moi\/\",\"name\":\"Contactez moi! - Bieromencie\",\"isPartOf\":{\"@id\":\"https:\/\/bieromencie.fr\/#website\"},\"datePublished\":\"2023-02-13T10:14:20+00:00\",\"dateModified\":\"2023-02-14T12:04:12+00:00\",\"breadcrumb\":{\"@id\":\"https:\/\/bieromencie.fr\/index.php\/contactez-moi\/#breadcrumb\"},\"inLanguage\":\"en-US\",\"potentialAction\":[{\"@type\":\"ReadAction\",\"target\":[\"https:\/\/bieromencie.fr\/index.php\/contactez-moi\/\"]}]},{\"@type\":\"BreadcrumbList\",\"@id\":\"https:\/\/bieromencie.fr\/index.php\/contactez-moi\/#breadcrumb\",\"itemListElement\":[{\"@type\":\"ListItem\",\"position\":1,\"name\":\"Accueil\",\"item\":\"https:\/\/bieromencie.fr\/\"},{\"@type\":\"ListItem\",\"position\":2,\"name\":\"Contactez moi!\"}]},{\"@type\":\"WebSite\",\"@id\":\"https:\/\/bieromencie.fr\/#website\",\"url\":\"https:\/\/bieromencie.fr\/\",\"name\":\"Bieromencie\",\"description\":\"Bi\u00e8re artisanal depuis 2023\",\"potentialAction\":[{\"@type\":\"SearchAction\",\"target\":{\"@type\":\"EntryPoint\",\"urlTemplate\":\"https:\/\/bieromencie.fr\/?s={search_term_string}\"},\"query-input\":\"required name=search_term_string\"}],\"inLanguage\":\"en-US\"}]}<\/script>\n<!-- \/ Yoast SEO plugin. -->","yoast_head_json":{"title":"Contactez moi! - Bieromencie","robots":{"index":"noindex","follow":"follow","max-snippet":"max-snippet:-1","max-image-preview":"max-image-preview:large","max-video-preview":"max-video-preview:-1"},"og_locale":"en_US","og_type":"article","og_title":"Contactez moi! - Bieromencie","og_description":"Bonjour pour nous contactez,veillez remplir le formulaire de contact.","og_url":"https:\/\/bieromencie.fr\/index.php\/contactez-moi\/","og_site_name":"Bieromencie","article_modified_time":"2023-02-14T12:04:12+00:00","twitter_card":"summary_large_image","schema":{"@context":"https:\/\/schema.org","@graph":[{"@type":"WebPage","@id":"https:\/\/bieromencie.fr\/index.php\/contactez-moi\/","url":"https:\/\/bieromencie.fr\/index.php\/contactez-moi\/","name":"Contactez moi! - Bieromencie","isPartOf":{"@id":"https:\/\/bieromencie.fr\/#website"},"datePublished":"2023-02-13T10:14:20+00:00","dateModified":"2023-02-14T12:04:12+00:00","breadcrumb":{"@id":"https:\/\/bieromencie.fr\/index.php\/contactez-moi\/#breadcrumb"},"inLanguage":"en-US","potentialAction":[{"@type":"ReadAction","target":["https:\/\/bieromencie.fr\/index.php\/contactez-moi\/"]}]},{"@type":"BreadcrumbList","@id":"https:\/\/bieromencie.fr\/index.php\/contactez-moi\/#breadcrumb","itemListElement":[{"@type":"ListItem","position":1,"name":"Accueil","item":"https:\/\/bieromencie.fr\/"},{"@type":"ListItem","position":2,"name":"Contactez moi!"}]},{"@type":"WebSite","@id":"https:\/\/bieromencie.fr\/#website","url":"https:\/\/bieromencie.fr\/","name":"Bieromencie","description":"Bi\u00e8re artisanal depuis 2023","potentialAction":[{"@type":"SearchAction","target":{"@type":"EntryPoint","urlTemplate":"https:\/\/bieromencie.fr\/?s={search_term_string}"},"query-input":"required name=search_term_string"}],"inLanguage":"en-US"}]}},"_links":{"self":[{"href":"https:\/\/bieromencie.fr\/index.php\/wp-json\/wp\/v2\/pages\/32","targetHints":{"allow":["GET"]}}],"collection":[{"href":"https:\/\/bieromencie.fr\/index.php\/wp-json\/wp\/v2\/pages"}],"about":[{"href":"https:\/\/bieromencie.fr\/index.php\/wp-json\/wp\/v2\/types\/page"}],"author":[{"embeddable":true,"href":"https:\/\/bieromencie.fr\/index.php\/wp-json\/wp\/v2\/users\/1"}],"replies":[{"embeddable":true,"href":"https:\/\/bieromencie.fr\/index.php\/wp-json\/wp\/v2\/comments?post=32"}],"version-history":[{"count":3,"href":"https:\/\/bieromencie.fr\/index.php\/wp-json\/wp\/v2\/pages\/32\/revisions"}],"predecessor-version":[{"id":41,"href":"https:\/\/bieromencie.fr\/index.php\/wp-json\/wp\/v2\/pages\/32\/revisions\/41"}],"wp:attachment":[{"href":"https:\/\/bieromencie.fr\/index.php\/wp-json\/wp\/v2\/media?parent=32"}],"curies":[{"name":"wp","href":"https:\/\/api.w.org\/{rel}","templated":true}]}}