{"id":3,"date":"2023-02-11T18:28:22","date_gmt":"2023-02-11T17:28:22","guid":{"rendered":"http:\/\/bieromencie.fr\/?page_id=3"},"modified":"2023-02-15T13:13:09","modified_gmt":"2023-02-15T12:13:09","slug":"politique-de-confidentialite","status":"publish","type":"page","link":"https:\/\/bieromencie.fr\/index.php\/politique-de-confidentialite\/","title":{"rendered":"Politique de confidentialit\u00e9"},"content":{"rendered":"\n<p>Politique de confidentialit\u00e9<\/p>\n\n\n\n<p><em>bieromencie.fr<\/em><\/p>\n\n\n\n<p>ARTICLE 1 : PR\u00c9AMBULE<\/p>\n\n\n\n<p>La pr\u00e9sente politique de confidentialit\u00e9 a pour but d\u2019informer les utilisateurs du site :<br><br><br><\/p>\n\n\n\n<ul class=\"wp-block-list\">\n<li>Sur la mani\u00e8re dont sont collect\u00e9es leurs donn\u00e9es personnelles. Sont consid\u00e9r\u00e9es comme des donn\u00e9es personnelles, toute information permettant d\u2019identifier un utilisateur. A ce titre, il peut s\u2019agir : de ses noms et pr\u00e9noms, de son \u00e2ge, de son adresse postale ou email, de sa localisation ou encore de son adresse IP (liste non-exhaustive) ;<\/li>\n\n\n\n<li>Sur les droits dont ils disposent concernant ces donn\u00e9es ;<\/li>\n\n\n\n<li>Sur la personne responsable du traitement des donn\u00e9es \u00e0 caract\u00e8re personnel collect\u00e9es et trait\u00e9es ;<\/li>\n\n\n\n<li>Sur les destinataires de ces donn\u00e9es personnelles ;<\/li>\n\n\n\n<li>Sur la politique du site en mati\u00e8re de cookies.<\/li>\n<\/ul>\n\n\n\n<p>Cette politique compl\u00e8te les mentions l\u00e9gales et les Conditions G\u00e9n\u00e9rales d\u2019Utilisation consultables par les utilisateurs \u00e0 l\u2019adresse suivante :<\/p>\n\n\n\n<p>[Ins\u00e9rer l\u2019URL permettant d&#8217;acc\u00e9der aux Conditions G\u00e9n\u00e9rales d\u2019Utilisation et aux mentions L\u00e9gales]<\/p>\n\n\n\n<p>ARTICLE 2 : PRINCIPES RELATIFS \u00c0 LA COLLECTE ET AU TRAITEMENT DES DONN\u00c9ES PERSONNELLES<\/p>\n\n\n\n<p>Conform\u00e9ment \u00e0 l\u2019article 5 du R\u00e8glement europ\u00e9en 2016\/679, les donn\u00e9es \u00e0 caract\u00e8re personnel sont :<\/p>\n\n\n\n<ul class=\"wp-block-list\">\n<li>Trait\u00e9es de mani\u00e8re licite, loyale et transparente au regard de la personne concern\u00e9e ;<\/li>\n\n\n\n<li>Collect\u00e9es pour des finalit\u00e9s d\u00e9termin\u00e9es (cf. Article 3.1 des pr\u00e9sentes), explicites et l\u00e9gitimes, et ne pas \u00eatre trait\u00e9es ult\u00e9rieurement d&#8217;une mani\u00e8re incompatible avec ces finalit\u00e9s ;<\/li>\n\n\n\n<li>Ad\u00e9quates, pertinentes et limit\u00e9es \u00e0 ce qui est n\u00e9cessaire au regard des finalit\u00e9s pour lesquelles elles sont trait\u00e9es ;<\/li>\n\n\n\n<li>Exactes et, si n\u00e9cessaire, tenues \u00e0 jour. Toutes les mesures raisonnables doivent \u00eatre prises pour que les donn\u00e9es \u00e0 caract\u00e8re personnel qui sont inexactes, eu \u00e9gard aux finalit\u00e9s pour lesquelles elles sont trait\u00e9es, soient effac\u00e9es ou rectifi\u00e9es sans tarder ;<\/li>\n\n\n\n<li>Conserv\u00e9es sous une forme permettant l&#8217;identification des personnes concern\u00e9es pendant une dur\u00e9e n&#8217;exc\u00e9dant pas celle n\u00e9cessaire au regard des finalit\u00e9s pour lesquelles elles sont trait\u00e9es ;<\/li>\n\n\n\n<li>Trait\u00e9es de fa\u00e7on \u00e0 garantir une s\u00e9curit\u00e9 appropri\u00e9e des donn\u00e9es collect\u00e9es, y compris la protection contre le traitement non autoris\u00e9 ou illicite et contre la perte, la destruction ou les d\u00e9g\u00e2ts d&#8217;origine accidentelle, \u00e0 l&#8217;aide de mesures techniques ou organisationnelles appropri\u00e9es.<\/li>\n<\/ul>\n\n\n\n<p>Mod\u00e8le r\u00e9alis\u00e9 sur <a href=\"https:\/\/www.legalplace.fr\/\">LegalPlace.fr<\/a><\/p>\n\n\n\n<p>Le traitement n&#8217;est licite que si, et dans la mesure o\u00f9, au moins une des conditions suivantes est remplie :<\/p>\n\n\n\n<ul class=\"wp-block-list\">\n<li>La personne concern\u00e9e a consenti au traitement de ses donn\u00e9es \u00e0 caract\u00e8re personnel pour une ou plusieurs finalit\u00e9s sp\u00e9cifiques ;<\/li>\n\n\n\n<li>Le traitement est n\u00e9cessaire \u00e0 l&#8217;ex\u00e9cution d&#8217;un contrat auquel la personne concern\u00e9e est partie ou \u00e0 l&#8217;ex\u00e9cution de mesures pr\u00e9contractuelles prises \u00e0 la demande de celle-ci ;<\/li>\n\n\n\n<li>Le traitement est n\u00e9cessaire au respect d&#8217;une obligation l\u00e9gale \u00e0 laquelle le responsable du traitement est soumis ;<\/li>\n\n\n\n<li>Le traitement est n\u00e9cessaire \u00e0 la sauvegarde des int\u00e9r\u00eats vitaux de la personne concern\u00e9e ou d&#8217;une autre personne physique ;<\/li>\n\n\n\n<li>Le traitement est n\u00e9cessaire \u00e0 l&#8217;ex\u00e9cution d&#8217;une mission d&#8217;int\u00e9r\u00eat public ou relevant de l&#8217;exercice de l&#8217;autorit\u00e9 publique dont est investi le responsable du traitement ;<\/li>\n\n\n\n<li>Le traitement est n\u00e9cessaire aux fins des int\u00e9r\u00eats l\u00e9gitimes poursuivis par le responsable du traitement ou par un tiers, \u00e0 moins que ne pr\u00e9valent les int\u00e9r\u00eats ou les libert\u00e9s et droits fondamentaux de la personne concern\u00e9e qui exigent une protection des donn\u00e9es \u00e0 caract\u00e8re personnel, notamment lorsque la personne concern\u00e9e est un enfant.<\/li>\n<\/ul>\n\n\n\n<p>ARTICLE 3 : DONN\u00c9ES \u00c0 CARACT\u00c8RE PERSONNEL COLLECT\u00c9ES ET TRAIT\u00c9ES DANS LE CADRE DE LA NAVIGATION SUR LE SITE<\/p>\n\n\n\n<p><strong>Article 3.1 : Donn\u00e9es collect\u00e9es<\/strong><\/p>\n\n\n\n<p>Les donn\u00e9es personnelles collect\u00e9es dans le cadre de notre activit\u00e9 sont les suivantes :<\/p>\n\n\n\n<p><em>[Listez les donn\u00e9es collect\u00e9es lors de l\u2019utilisation du site]<\/em><\/p>\n\n\n\n<p>La collecte et le traitement de ces donn\u00e9es r\u00e9pond \u00e0 la (aux) finalit\u00e9(s) suivante(s) :<\/p>\n\n\n\n<p><em>[Pr\u00e9ciser la\/les raison(s) pour laquelle\/lesquelles la collecte de donn\u00e9es personnelles est n\u00e9cessaire dans le cadre de votre activit\u00e9]<\/em><\/p>\n\n\n\n<p><em>exemple : gestion de contrat, gestion de l\u2019espace client, suivi de la qualit\u00e9 des services, envoi de newsletter, etc.<\/em><br><br><br><\/p>\n\n\n\n<p><strong>Article 3.2 : Mode de collecte des donn\u00e9es<\/strong><\/p>\n\n\n\n<p>Lorsque vous utilisez notre site, sont automatiquement collect\u00e9es les donn\u00e9es suivantes :<\/p>\n\n\n\n<p><em>[Liste des donn\u00e9es automatiquement collect\u00e9es lors de la simple visite de l\u2019utilisateur sur le site]<\/em><\/p>\n\n\n\n<p>D\u2019autres donn\u00e9es personnelles sont collect\u00e9es lorsque vous effectuez les op\u00e9rations suivantes sur la plateforme :<\/p>\n\n\n\n<p><em>[Lister les donn\u00e9es personnelles collect\u00e9es, et pr\u00e9ciser la finalit\u00e9 de la collecte]<\/em><\/p>\n\n\n\n<p>Mod\u00e8le r\u00e9alis\u00e9 sur <a href=\"https:\/\/www.legalplace.fr\/\">LegalPlace.fr<\/a><\/p>\n\n\n\n<p>Elles sont conserv\u00e9es par le responsable du traitement dans des conditions raisonnables de s\u00e9curit\u00e9, pour une dur\u00e9e de : <em>[Indiquer la dur\u00e9e de conservation pr\u00e9vue]<\/em><\/p>\n\n\n\n<p>La soci\u00e9t\u00e9 est susceptible de conserver certaines donn\u00e9es \u00e0 caract\u00e8re personnel au-del\u00e0 des d\u00e9lais annonc\u00e9s ci-dessus afin de remplir ses obligations l\u00e9gales ou r\u00e9glementaires.<\/p>\n\n\n\n<p><strong>Article 3.3 : H\u00e9bergement des donn\u00e9es<\/strong><\/p>\n\n\n\n<p>Le site <em>[<\/em><em>bieromencie.fr<\/em><em>] <\/em>est h\u00e9berg\u00e9 par :<\/p>\n\n\n\n<p><em>OVH France<\/em><\/p>\n\n\n\n<p>2 Rue Kellermann, 59100 Roubaix<\/p>\n\n\n\n<p><em>Contact <a href=\"https:\/\/www.google.com\/search?q=ovh%20roubaix&amp;client=firefox-b-d&amp;sxsrf=AJOqlzWiCjIYJO_OoCTtAqf5A1R37tsh4A:1676462965934&amp;ei=UcvsY6rfI7WnkdUPx6aAmAU&amp;ved=2ahUKEwi_xcCcv5f9AhV9UKQEHcmbC5EQvS56BAgYEAE&amp;uact=5&amp;oq=ovh+roubaix&amp;gs_lcp=Cgxnd3Mtd2l6LXNlcnAQAzIKCAAQgAQQFBCHAjIFCAAQgAQyBQgAEIAEMgUIABCABDIFCAAQgAQyBQgAEIAEMgUIABCABDIFCAAQgAQyBQgAEIAEMgUIABCABDoHCCMQsAMQJzoKCAAQRxDWBBCwAzoHCAAQsAMQQzoNCAAQ5AIQ1gQQsAMYAToSCC4QxwEQ0QMQyAMQsAMQQxgCOgQIIxAnOgQIABBDOggIABCABBDLAToJCAAQFhAeEPEEOgYIABAWEB46EAgAEIAEEBQQhwIQsQMQgwE6EQguEIMBEMcBELEDENEDEIAEOgsIABCABBCxAxCDAToKCAAQsQMQgwEQQzoHCAAQgAQQCkoECEEYAEoECEYYAVCrCVj5I2D7JWgBcAF4AIABSYgBrQaSAQIxM5gBAKABAcgBE8ABAdoBBggBEAEYCdoBBggCEAEYCA&amp;sclient=gws-wiz-serp&amp;tbs=lf:1,lf_ui:2&amp;tbm=lcl&amp;rflfq=1&amp;num=10&amp;rldimm=13379022969085128198&amp;lqi=Cgtvdmggcm91YmFpeEjP1amjkLCAgAhaERAAGAEiC292aCByb3ViYWl4kgETd2ViX2hvc3Rpbmdfc2VydmljZZoBI0NoWkRTVWhOTUc5blMwVkpRMEZuU1VRdGRXTnhiMXBSRUFFqgEsEAEaHxABIhvvWz2PUbQAxwUOD1rnUpt2cRljhDYML7enqrkqByIDb3ZoKAQ&amp;sa=X&amp;rlst=f#\">09 72 10 10 07<\/a><\/em><br><br><br><\/p>\n\n\n\n<p>[Dans le cas ou les donn\u00e9es personnelles collect\u00e9es par l\u2019entreprise seraient partag\u00e9es avec des tiers, ins\u00e9rer une clause \u201cArticle 3.4 : Transmission des donn\u00e9es \u00e0 des tiers\u201d :<\/p>\n\n\n\n<p>\u201cLes donn\u00e9es peuvent \u00eatre transmises \u00e0 nos partenaires, ci-apr\u00e8s \u00e9num\u00e9r\u00e9s :\u201d]<br><br><br><\/p>\n\n\n\n<p>[Si le site est concern\u00e9 par l\u2019utilisation de cookies, pr\u00e9ciser leur utilisation dans un <strong>Article 3.5 : Politique en mati\u00e8re de \u201ccookies\u201d<\/strong>]<\/p>\n\n\n\n<p>ARTICLE 4 : RESPONSABLE DU TRAITEMENT DES DONN\u00c9ES ET D\u00c9L\u00c9GU\u00c9 \u00c0 LA PROTECTION DES DONN\u00c9ES<br><br><br><\/p>\n\n\n\n<p><strong>Article 4.1 : Le responsable du traitement des donn\u00e9es<\/strong><\/p>\n\n\n\n<p>Les donn\u00e9es \u00e0 caract\u00e8re personnelles sont collect\u00e9es par [<em>raison ou d\u00e9nomination sociale de l\u2019entreprise<\/em>], [<em>forme juridique<\/em>] au capital de [<em>montant du capital social<\/em>], dont le num\u00e9ro d\u2019immatriculation est le [<em>indiquez votre num\u00e9ro RCS<\/em>].<\/p>\n\n\n\n<p>Le responsable du traitement des donn\u00e9es \u00e0 caract\u00e8re personnel peut \u00eatre contact\u00e9 de la mani\u00e8re suivante :<\/p>\n\n\n\n<p>Par courrier \u00e0 l\u2019adresse : [<em>indiquez l\u2019adresse du si\u00e8ge social<\/em>] ;<\/p>\n\n\n\n<p>Par t\u00e9l\u00e9phone, au [<em>num\u00e9ro de t\u00e9l\u00e9phone<\/em>] ;<\/p>\n\n\n\n<p>Par mail : [<em>email du responsable du traitement des donn\u00e9es<\/em>].<\/p>\n\n\n\n<p>Mod\u00e8le r\u00e9alis\u00e9 sur <a href=\"https:\/\/www.legalplace.fr\/\">LegalPlace.fr<\/a><\/p>\n\n\n\n<p><strong>Article 4.2 : Le d\u00e9l\u00e9gu\u00e9 \u00e0 la protection des donn\u00e9es<\/strong><br><br><br><\/p>\n\n\n\n<p>Le d\u00e9l\u00e9gu\u00e9 \u00e0 la protection des donn\u00e9es de l\u2019entreprise ou du responsable est :<br><br><br><\/p>\n\n\n\n<p><em>[Indiquez l\u2019identit\u00e9, l\u2019adresse, le num\u00e9ro de t\u00e9l\u00e9phone et\/ou l\u2019adresse email du DPO]<\/em><br><br><br><\/p>\n\n\n\n<p>Si vous estimez, apr\u00e8s nous avoir contact\u00e9s, que vos droits \u201cInformatique et Libert\u00e9s\u201d, ne sont pas respect\u00e9s, vous pouvez adresser une information \u00e0 la CNIL.<\/p>\n\n\n\n<p>ARTICLE 5 : LES DROITS DE L\u2019UTILISATEUR EN MATI\u00c8RE DE COLLECTE ET DE TRAITEMENT DES DONN\u00c9ES<\/p>\n\n\n\n<p>Tout utilisateur concern\u00e9 par le traitement de ses donn\u00e9es personnelles peut se pr\u00e9valoir des droits suivants, en application du r\u00e8glement europ\u00e9en 2016\/679 et de la Loi Informatique et Libert\u00e9 (Loi 78-17 du 6 janvier 1978) :<\/p>\n\n\n\n<ul class=\"wp-block-list\">\n<li>Droit d\u2019acc\u00e8s, de rectification et droit \u00e0 l\u2019effacement des donn\u00e9es (pos\u00e9s respectivement aux articles 15, 16 et 17 du RGPD) ;<br><br><br><\/li>\n\n\n\n<li>Droit \u00e0 la portabilit\u00e9 des donn\u00e9es (article 20 du RGPD) ;<br><br><br><\/li>\n\n\n\n<li>Droit \u00e0 la limitation (article 18 du RGPD) et \u00e0 l\u2019opposition du traitement des donn\u00e9es (article 21 du RGPD) ;<br><br><br><\/li>\n\n\n\n<li>Droit de ne pas faire l\u2019objet d\u2019une d\u00e9cision fond\u00e9e exclusivement sur un proc\u00e9d\u00e9 automatis\u00e9 ;<br><br><br><\/li>\n\n\n\n<li>Droit de d\u00e9terminer le sort des donn\u00e9es apr\u00e8s la mort ;<br><br><br><\/li>\n\n\n\n<li>Droit de saisir l\u2019autorit\u00e9 de contr\u00f4le comp\u00e9tente (article 77 du RGPD).<\/li>\n<\/ul>\n\n\n\n<p>Pour exercer vos droits, veuillez adresser votre courrier \u00e0 [<em>Nom et adresse de l\u2019entreprise<\/em>] ou par mail \u00e0 [<em>Ins\u00e9rer l\u2019adresse e-mail du D\u00e9l\u00e9gu\u00e9 \u00e0 la protection des donn\u00e9es<\/em>]<\/p>\n\n\n\n<p>Afin que le responsable du traitement des donn\u00e9es puisse faire droit \u00e0 sa demande, l\u2019utilisateur peut \u00eatre tenu de lui communiquer certaines informations telles que : ses noms et pr\u00e9noms, son adresse e-mail ainsi que son num\u00e9ro de compte, d\u2019espace personnel ou d\u2019abonn\u00e9.<\/p>\n\n\n\n<p>Consultez le site cnil.fr pour plus d\u2019informations sur vos droits.<br><br><br><\/p>\n\n\n\n<p>Mod\u00e8le r\u00e9alis\u00e9 sur <a href=\"https:\/\/www.legalplace.fr\/\">LegalPlace.fr<\/a><\/p>\n\n\n\n<p><strong>ARTICLE 6 : CONDITIONS DE MODIFICATION DE LA POLITIQUE DE CONFIDENTIALIT\u00c9<\/strong><br><br><br><\/p>\n\n\n\n<p>L\u2019\u00e9diteur du site [<em>Nom du site<\/em>] se r\u00e9serve le droit de pouvoir modifier la pr\u00e9sente Politique \u00e0 tout moment afin d\u2019assurer aux utilisateurs du site sa conformit\u00e9 avec le droit en vigueur.<\/p>\n\n\n\n<p>Les \u00e9ventuelles modifications ne sauraient avoir d\u2019incidence sur les achats ant\u00e9rieurement effectu\u00e9s sur le site, lesquels restent soumis \u00e0 la Politique en vigueur au moment de l\u2019achat et telle qu\u2019accept\u00e9e par l\u2019utilisateur lors de la validation de l\u2019achat.<\/p>\n\n\n\n<p>L\u2019utilisateur est invit\u00e9 \u00e0 prendre connaissance de cette Politique \u00e0 chaque fois qu\u2019il utilise nos services, sans qu\u2019il soit n\u00e9cessaire de l\u2019en pr\u00e9venir formellement.<\/p>\n\n\n\n<p>La pr\u00e9sente politique, \u00e9dit\u00e9e le [<em>date de mise en ligne<\/em>], a \u00e9t\u00e9 mise \u00e0 jour le [<em>date de modification de la politique<\/em>].<\/p>\n","protected":false},"excerpt":{"rendered":"<p>Politique de confidentialit\u00e9 bieromencie.fr ARTICLE 1 : PR\u00c9AMBULE La pr\u00e9sente politique de confidentialit\u00e9 a pour but d\u2019informer les utilisateurs du site : Cette politique compl\u00e8te les mentions l\u00e9gales et les Conditions G\u00e9n\u00e9rales d\u2019Utilisation consultables par les utilisateurs \u00e0 l\u2019adresse suivante : [Ins\u00e9rer l\u2019URL permettant d&#8217;acc\u00e9der aux Conditions G\u00e9n\u00e9rales d\u2019Utilisation et aux mentions L\u00e9gales] ARTICLE 2 [&hellip;]<\/p>\n","protected":false},"author":1,"featured_media":0,"parent":0,"menu_order":0,"comment_status":"closed","ping_status":"open","template":"","meta":{"footnotes":""},"class_list":["post-3","page","type-page","status-publish","hentry","entry"],"yoast_head":"<!-- This site is optimized with the Yoast SEO plugin v20.1 - https:\/\/yoast.com\/wordpress\/plugins\/seo\/ -->\n<title>Politique de confidentialit\u00e9 - Bieromencie<\/title>\n<meta name=\"robots\" content=\"noindex, follow, max-snippet:-1, max-image-preview:large, max-video-preview:-1\" \/>\n<meta property=\"og:locale\" content=\"en_US\" \/>\n<meta property=\"og:type\" content=\"article\" \/>\n<meta property=\"og:title\" content=\"Politique de confidentialit\u00e9 - Bieromencie\" \/>\n<meta property=\"og:description\" content=\"Politique de confidentialit\u00e9 bieromencie.fr ARTICLE 1 : PR\u00c9AMBULE La pr\u00e9sente politique de confidentialit\u00e9 a pour but d\u2019informer les utilisateurs du site : Cette politique compl\u00e8te les mentions l\u00e9gales et les Conditions G\u00e9n\u00e9rales d\u2019Utilisation consultables par les utilisateurs \u00e0 l\u2019adresse suivante : [Ins\u00e9rer l\u2019URL permettant d&#8217;acc\u00e9der aux Conditions G\u00e9n\u00e9rales d\u2019Utilisation et aux mentions L\u00e9gales] ARTICLE 2 [&hellip;]\" \/>\n<meta property=\"og:url\" content=\"https:\/\/bieromencie.fr\/index.php\/politique-de-confidentialite\/\" \/>\n<meta property=\"og:site_name\" content=\"Bieromencie\" \/>\n<meta property=\"article:modified_time\" content=\"2023-02-15T12:13:09+00:00\" \/>\n<meta name=\"twitter:card\" content=\"summary_large_image\" \/>\n<meta name=\"twitter:label1\" content=\"Est. reading time\" \/>\n\t<meta name=\"twitter:data1\" content=\"7 minutes\" \/>\n<script type=\"application\/ld+json\" class=\"yoast-schema-graph\">{\"@context\":\"https:\/\/schema.org\",\"@graph\":[{\"@type\":\"WebPage\",\"@id\":\"https:\/\/bieromencie.fr\/index.php\/politique-de-confidentialite\/\",\"url\":\"https:\/\/bieromencie.fr\/index.php\/politique-de-confidentialite\/\",\"name\":\"Politique de confidentialit\u00e9 - Bieromencie\",\"isPartOf\":{\"@id\":\"https:\/\/bieromencie.fr\/#website\"},\"datePublished\":\"2023-02-11T17:28:22+00:00\",\"dateModified\":\"2023-02-15T12:13:09+00:00\",\"breadcrumb\":{\"@id\":\"https:\/\/bieromencie.fr\/index.php\/politique-de-confidentialite\/#breadcrumb\"},\"inLanguage\":\"en-US\",\"potentialAction\":[{\"@type\":\"ReadAction\",\"target\":[\"https:\/\/bieromencie.fr\/index.php\/politique-de-confidentialite\/\"]}]},{\"@type\":\"BreadcrumbList\",\"@id\":\"https:\/\/bieromencie.fr\/index.php\/politique-de-confidentialite\/#breadcrumb\",\"itemListElement\":[{\"@type\":\"ListItem\",\"position\":1,\"name\":\"Accueil\",\"item\":\"https:\/\/bieromencie.fr\/\"},{\"@type\":\"ListItem\",\"position\":2,\"name\":\"Politique de confidentialit\u00e9\"}]},{\"@type\":\"WebSite\",\"@id\":\"https:\/\/bieromencie.fr\/#website\",\"url\":\"https:\/\/bieromencie.fr\/\",\"name\":\"Bieromencie\",\"description\":\"Bi\u00e8re artisanal depuis 2023\",\"potentialAction\":[{\"@type\":\"SearchAction\",\"target\":{\"@type\":\"EntryPoint\",\"urlTemplate\":\"https:\/\/bieromencie.fr\/?s={search_term_string}\"},\"query-input\":\"required name=search_term_string\"}],\"inLanguage\":\"en-US\"}]}<\/script>\n<!-- \/ Yoast SEO plugin. -->","yoast_head_json":{"title":"Politique de confidentialit\u00e9 - Bieromencie","robots":{"index":"noindex","follow":"follow","max-snippet":"max-snippet:-1","max-image-preview":"max-image-preview:large","max-video-preview":"max-video-preview:-1"},"og_locale":"en_US","og_type":"article","og_title":"Politique de confidentialit\u00e9 - Bieromencie","og_description":"Politique de confidentialit\u00e9 bieromencie.fr ARTICLE 1 : PR\u00c9AMBULE La pr\u00e9sente politique de confidentialit\u00e9 a pour but d\u2019informer les utilisateurs du site : Cette politique compl\u00e8te les mentions l\u00e9gales et les Conditions G\u00e9n\u00e9rales d\u2019Utilisation consultables par les utilisateurs \u00e0 l\u2019adresse suivante : [Ins\u00e9rer l\u2019URL permettant d&#8217;acc\u00e9der aux Conditions G\u00e9n\u00e9rales d\u2019Utilisation et aux mentions L\u00e9gales] ARTICLE 2 [&hellip;]","og_url":"https:\/\/bieromencie.fr\/index.php\/politique-de-confidentialite\/","og_site_name":"Bieromencie","article_modified_time":"2023-02-15T12:13:09+00:00","twitter_card":"summary_large_image","twitter_misc":{"Est. reading time":"7 minutes"},"schema":{"@context":"https:\/\/schema.org","@graph":[{"@type":"WebPage","@id":"https:\/\/bieromencie.fr\/index.php\/politique-de-confidentialite\/","url":"https:\/\/bieromencie.fr\/index.php\/politique-de-confidentialite\/","name":"Politique de confidentialit\u00e9 - Bieromencie","isPartOf":{"@id":"https:\/\/bieromencie.fr\/#website"},"datePublished":"2023-02-11T17:28:22+00:00","dateModified":"2023-02-15T12:13:09+00:00","breadcrumb":{"@id":"https:\/\/bieromencie.fr\/index.php\/politique-de-confidentialite\/#breadcrumb"},"inLanguage":"en-US","potentialAction":[{"@type":"ReadAction","target":["https:\/\/bieromencie.fr\/index.php\/politique-de-confidentialite\/"]}]},{"@type":"BreadcrumbList","@id":"https:\/\/bieromencie.fr\/index.php\/politique-de-confidentialite\/#breadcrumb","itemListElement":[{"@type":"ListItem","position":1,"name":"Accueil","item":"https:\/\/bieromencie.fr\/"},{"@type":"ListItem","position":2,"name":"Politique de confidentialit\u00e9"}]},{"@type":"WebSite","@id":"https:\/\/bieromencie.fr\/#website","url":"https:\/\/bieromencie.fr\/","name":"Bieromencie","description":"Bi\u00e8re artisanal depuis 2023","potentialAction":[{"@type":"SearchAction","target":{"@type":"EntryPoint","urlTemplate":"https:\/\/bieromencie.fr\/?s={search_term_string}"},"query-input":"required name=search_term_string"}],"inLanguage":"en-US"}]}},"_links":{"self":[{"href":"https:\/\/bieromencie.fr\/index.php\/wp-json\/wp\/v2\/pages\/3","targetHints":{"allow":["GET"]}}],"collection":[{"href":"https:\/\/bieromencie.fr\/index.php\/wp-json\/wp\/v2\/pages"}],"about":[{"href":"https:\/\/bieromencie.fr\/index.php\/wp-json\/wp\/v2\/types\/page"}],"author":[{"embeddable":true,"href":"https:\/\/bieromencie.fr\/index.php\/wp-json\/wp\/v2\/users\/1"}],"replies":[{"embeddable":true,"href":"https:\/\/bieromencie.fr\/index.php\/wp-json\/wp\/v2\/comments?post=3"}],"version-history":[{"count":1,"href":"https:\/\/bieromencie.fr\/index.php\/wp-json\/wp\/v2\/pages\/3\/revisions"}],"predecessor-version":[{"id":50,"href":"https:\/\/bieromencie.fr\/index.php\/wp-json\/wp\/v2\/pages\/3\/revisions\/50"}],"wp:attachment":[{"href":"https:\/\/bieromencie.fr\/index.php\/wp-json\/wp\/v2\/media?parent=3"}],"curies":[{"name":"wp","href":"https:\/\/api.w.org\/{rel}","templated":true}]}}