{"id":22,"date":"2023-02-12T21:06:10","date_gmt":"2023-02-12T20:06:10","guid":{"rendered":"https:\/\/bieromencie.fr\/?page_id=22"},"modified":"2023-02-14T14:37:21","modified_gmt":"2023-02-14T13:37:21","slug":"mon-histoire","status":"publish","type":"page","link":"https:\/\/bieromencie.fr\/","title":{"rendered":"Mon Histoire"},"content":{"rendered":"\n<p>Je suis Anthony Constant cr\u00e9ateur de la brasserie Bi\u00e8romencie.J ai 27 ans et je suis passionn\u00e9e par l&#8217;univers brassicole mes valeurs personnel ainsi que celle de la brasserie sont la g\u00e9n\u00e9rosit\u00e9 et le partage ainsi que l&#8217;\u00e9coute. Ces valeurs sont d une importance capital pour moi ainsi que pour votre exp\u00e9rience client\u00e8le car vos retours seront tr\u00e8s importants. <\/p>\n","protected":false},"excerpt":{"rendered":"<p>Je suis Anthony Constant cr\u00e9ateur de la brasserie Bi\u00e8romencie.J ai 27 ans et je suis passionn\u00e9e par l&#8217;univers brassicole mes valeurs personnel ainsi que celle de la brasserie sont la g\u00e9n\u00e9rosit\u00e9 et le partage ainsi que l&#8217;\u00e9coute. Ces valeurs sont d une importance capital pour moi ainsi que pour votre exp\u00e9rience client\u00e8le car vos retours [&hellip;]<\/p>\n","protected":false},"author":1,"featured_media":0,"parent":0,"menu_order":0,"comment_status":"closed","ping_status":"closed","template":"","meta":{"footnotes":""},"class_list":["post-22","page","type-page","status-publish","hentry","entry"],"yoast_head":"<!-- This site is optimized with the Yoast SEO plugin v20.1 - https:\/\/yoast.com\/wordpress\/plugins\/seo\/ -->\n<title>Site d&#039;une Brasserie artisanal savoyarde<\/title>\n<meta name=\"description\" content=\"vous pourrez retrouvez ici la descriptions des bi\u00e8res propos\u00e9e par la brasserie.\" \/>\n<meta name=\"robots\" content=\"noindex, follow, max-snippet:-1, max-image-preview:large, max-video-preview:-1\" \/>\n<meta property=\"og:locale\" content=\"en_US\" \/>\n<meta property=\"og:type\" content=\"article\" \/>\n<meta property=\"og:title\" content=\"Site d&#039;une Brasserie artisanal savoyarde\" \/>\n<meta property=\"og:description\" content=\"vous pourrez retrouvez ici la descriptions des bi\u00e8res propos\u00e9e par la brasserie.\" \/>\n<meta property=\"og:url\" content=\"https:\/\/bieromencie.fr\/\" \/>\n<meta property=\"og:site_name\" content=\"Bieromencie\" \/>\n<meta property=\"article:modified_time\" content=\"2023-02-14T13:37:21+00:00\" \/>\n<meta name=\"twitter:card\" content=\"summary_large_image\" \/>\n<meta name=\"twitter:label1\" content=\"Est. reading time\" \/>\n\t<meta name=\"twitter:data1\" content=\"1 minute\" \/>\n<script type=\"application\/ld+json\" class=\"yoast-schema-graph\">{\"@context\":\"https:\/\/schema.org\",\"@graph\":[{\"@type\":\"WebPage\",\"@id\":\"https:\/\/bieromencie.fr\/\",\"url\":\"https:\/\/bieromencie.fr\/\",\"name\":\"Site d'une Brasserie artisanal savoyarde\",\"isPartOf\":{\"@id\":\"https:\/\/bieromencie.fr\/#website\"},\"datePublished\":\"2023-02-12T20:06:10+00:00\",\"dateModified\":\"2023-02-14T13:37:21+00:00\",\"description\":\"vous pourrez retrouvez ici la descriptions des bi\u00e8res propos\u00e9e par la brasserie.\",\"breadcrumb\":{\"@id\":\"https:\/\/bieromencie.fr\/#breadcrumb\"},\"inLanguage\":\"en-US\",\"potentialAction\":[{\"@type\":\"ReadAction\",\"target\":[\"https:\/\/bieromencie.fr\/\"]}]},{\"@type\":\"BreadcrumbList\",\"@id\":\"https:\/\/bieromencie.fr\/#breadcrumb\",\"itemListElement\":[{\"@type\":\"ListItem\",\"position\":1,\"name\":\"Accueil\",\"item\":\"https:\/\/bieromencie.fr\/\"},{\"@type\":\"ListItem\",\"position\":2,\"name\":\"Mon Histoire\"}]},{\"@type\":\"WebSite\",\"@id\":\"https:\/\/bieromencie.fr\/#website\",\"url\":\"https:\/\/bieromencie.fr\/\",\"name\":\"Bieromencie\",\"description\":\"Bi\u00e8re artisanal depuis 2023\",\"potentialAction\":[{\"@type\":\"SearchAction\",\"target\":{\"@type\":\"EntryPoint\",\"urlTemplate\":\"https:\/\/bieromencie.fr\/?s={search_term_string}\"},\"query-input\":\"required name=search_term_string\"}],\"inLanguage\":\"en-US\"}]}<\/script>\n<!-- \/ Yoast SEO plugin. -->","yoast_head_json":{"title":"Site d'une Brasserie artisanal savoyarde","description":"vous pourrez retrouvez ici la descriptions des bi\u00e8res propos\u00e9e par la brasserie.","robots":{"index":"noindex","follow":"follow","max-snippet":"max-snippet:-1","max-image-preview":"max-image-preview:large","max-video-preview":"max-video-preview:-1"},"og_locale":"en_US","og_type":"article","og_title":"Site d'une Brasserie artisanal savoyarde","og_description":"vous pourrez retrouvez ici la descriptions des bi\u00e8res propos\u00e9e par la brasserie.","og_url":"https:\/\/bieromencie.fr\/","og_site_name":"Bieromencie","article_modified_time":"2023-02-14T13:37:21+00:00","twitter_card":"summary_large_image","twitter_misc":{"Est. reading time":"1 minute"},"schema":{"@context":"https:\/\/schema.org","@graph":[{"@type":"WebPage","@id":"https:\/\/bieromencie.fr\/","url":"https:\/\/bieromencie.fr\/","name":"Site d'une Brasserie artisanal savoyarde","isPartOf":{"@id":"https:\/\/bieromencie.fr\/#website"},"datePublished":"2023-02-12T20:06:10+00:00","dateModified":"2023-02-14T13:37:21+00:00","description":"vous pourrez retrouvez ici la descriptions des bi\u00e8res propos\u00e9e par la brasserie.","breadcrumb":{"@id":"https:\/\/bieromencie.fr\/#breadcrumb"},"inLanguage":"en-US","potentialAction":[{"@type":"ReadAction","target":["https:\/\/bieromencie.fr\/"]}]},{"@type":"BreadcrumbList","@id":"https:\/\/bieromencie.fr\/#breadcrumb","itemListElement":[{"@type":"ListItem","position":1,"name":"Accueil","item":"https:\/\/bieromencie.fr\/"},{"@type":"ListItem","position":2,"name":"Mon Histoire"}]},{"@type":"WebSite","@id":"https:\/\/bieromencie.fr\/#website","url":"https:\/\/bieromencie.fr\/","name":"Bieromencie","description":"Bi\u00e8re artisanal depuis 2023","potentialAction":[{"@type":"SearchAction","target":{"@type":"EntryPoint","urlTemplate":"https:\/\/bieromencie.fr\/?s={search_term_string}"},"query-input":"required name=search_term_string"}],"inLanguage":"en-US"}]}},"_links":{"self":[{"href":"https:\/\/bieromencie.fr\/index.php\/wp-json\/wp\/v2\/pages\/22","targetHints":{"allow":["GET"]}}],"collection":[{"href":"https:\/\/bieromencie.fr\/index.php\/wp-json\/wp\/v2\/pages"}],"about":[{"href":"https:\/\/bieromencie.fr\/index.php\/wp-json\/wp\/v2\/types\/page"}],"author":[{"embeddable":true,"href":"https:\/\/bieromencie.fr\/index.php\/wp-json\/wp\/v2\/users\/1"}],"replies":[{"embeddable":true,"href":"https:\/\/bieromencie.fr\/index.php\/wp-json\/wp\/v2\/comments?post=22"}],"version-history":[{"count":1,"href":"https:\/\/bieromencie.fr\/index.php\/wp-json\/wp\/v2\/pages\/22\/revisions"}],"predecessor-version":[{"id":23,"href":"https:\/\/bieromencie.fr\/index.php\/wp-json\/wp\/v2\/pages\/22\/revisions\/23"}],"wp:attachment":[{"href":"https:\/\/bieromencie.fr\/index.php\/wp-json\/wp\/v2\/media?parent=22"}],"curies":[{"name":"wp","href":"https:\/\/api.w.org\/{rel}","templated":true}]}}